{"id":5006,"date":"2023-01-18T14:40:26","date_gmt":"2023-01-18T13:40:26","guid":{"rendered":"https:\/\/www.kultur-centrale.de\/?page_id=5006"},"modified":"2025-04-11T16:09:20","modified_gmt":"2025-04-11T14:09:20","slug":"lets-share-one-umbrella","status":"publish","type":"page","link":"https:\/\/www.kultur-centrale.de\/de\/lets-share-one-umbrella\/","title":{"rendered":"LET&#8217;S SHARE ONE UMBRELLA"},"content":{"rendered":"<div data-elementor-type=\"wp-page\" data-elementor-id=\"5006\" class=\"elementor elementor-5006\">\n\t\t\t\t\t\t<section class=\"elementor-section elementor-top-section elementor-element elementor-element-52fa8df0 elementor-section-boxed elementor-section-height-default elementor-section-height-default\" data-id=\"52fa8df0\" data-element_type=\"section\" id=\"priorityhub\" data-settings=\"{&quot;background_background&quot;:&quot;classic&quot;,&quot;animation&quot;:&quot;none&quot;,&quot;_ha_eqh_enable&quot;:false}\">\n\t\t\t\t\t\t<div class=\"elementor-container elementor-column-gap-wide\">\n\t\t\t\t\t<div class=\"elementor-column elementor-col-100 elementor-top-column elementor-element elementor-element-4c3da4f\" data-id=\"4c3da4f\" data-element_type=\"column\">\n\t\t\t<div class=\"elementor-widget-wrap elementor-element-populated\">\n\t\t\t\t\t\t<div class=\"elementor-element elementor-element-474e095 elementor-widget elementor-widget-image\" data-id=\"474e095\" data-element_type=\"widget\" data-widget_type=\"image.default\">\n\t\t\t\t<div class=\"elementor-widget-container\">\n\t\t\t\t\t\t\t\t\t\t\t\t\t<img fetchpriority=\"high\" decoding=\"async\" width=\"1200\" height=\"629\" src=\"https:\/\/www.kultur-centrale.de\/wp-content\/uploads\/2025\/04\/fb-copy-3-1.jpg\" class=\"attachment-full size-full wp-image-5926\" alt=\"\" srcset=\"https:\/\/www.kultur-centrale.de\/wp-content\/uploads\/2025\/04\/fb-copy-3-1.jpg 1200w, https:\/\/www.kultur-centrale.de\/wp-content\/uploads\/2025\/04\/fb-copy-3-1-300x157.jpg 300w, https:\/\/www.kultur-centrale.de\/wp-content\/uploads\/2025\/04\/fb-copy-3-1-1024x536.jpg 1024w, https:\/\/www.kultur-centrale.de\/wp-content\/uploads\/2025\/04\/fb-copy-3-1-768x402.jpg 768w, https:\/\/www.kultur-centrale.de\/wp-content\/uploads\/2025\/04\/fb-copy-3-1-1536x805.jpg 1536w, https:\/\/www.kultur-centrale.de\/wp-content\/uploads\/2025\/04\/fb-copy-3-1-2048x1073.jpg 2048w, https:\/\/www.kultur-centrale.de\/wp-content\/uploads\/2025\/04\/fb-copy-3-1-18x9.jpg 18w, https:\/\/www.kultur-centrale.de\/wp-content\/uploads\/2025\/04\/fb-copy-3-1-600x314.jpg 600w, https:\/\/www.kultur-centrale.de\/wp-content\/uploads\/2025\/04\/fb-copy-3-1-1239x649.jpg 1239w\" sizes=\"(max-width: 1200px) 100vw, 1200px\" \/>\t\t\t\t\t\t\t\t\t\t\t\t\t<\/div>\n\t\t\t\t<\/div>\n\t\t\t\t\t<\/div>\n\t\t<\/div>\n\t\t\t\t\t<\/div>\n\t\t<\/section>\n\t\t\t\t<section class=\"elementor-section elementor-top-section elementor-element elementor-element-4a14257a elementor-section-boxed elementor-section-height-default elementor-section-height-default\" data-id=\"4a14257a\" data-element_type=\"section\" data-settings=\"{&quot;background_background&quot;:&quot;classic&quot;,&quot;_ha_eqh_enable&quot;:false}\">\n\t\t\t\t\t\t<div class=\"elementor-container elementor-column-gap-no\">\n\t\t\t\t\t<div class=\"elementor-column elementor-col-100 elementor-top-column elementor-element elementor-element-ddc5af3 elementor-invisible\" data-id=\"ddc5af3\" data-element_type=\"column\" data-settings=\"{&quot;animation&quot;:&quot;fadeInUp&quot;}\">\n\t\t\t<div class=\"elementor-widget-wrap elementor-element-populated\">\n\t\t\t\t\t\t<div class=\"elementor-element elementor-element-78b250f2 elementor-widget elementor-widget-text-editor\" data-id=\"78b250f2\" data-element_type=\"widget\" data-widget_type=\"text-editor.default\">\n\t\t\t\t<div class=\"elementor-widget-container\">\n\t\t\t\t\t\t\t<div class=\"tribe-events-single-event-description tribe-events-content\"><div class=\"x11i5rnm xat24cr x1mh8g0r x1vvkbs xtlvy1s\"><p>Der Jugend- &amp; Kulturprojekt e.V. (JKPeV) l\u00e4dt euch herzlich zum Netzwerk-Event LET\u2019S SHARE ONE UMBRELLA ein!<\/p><p>16:00 Uhr \u2013 Ankommen mit Drinks &amp; Snacks<br \/>16:30 \u2013 <span class=\"x193iq5w xeuugli x13faqbe x1vvkbs x1xmvt09 x1lliihq x1s928wv xhkezso x1gmr53x x1cpjm7i x1fgarty x1943h6x xudqn12 x3x7a5m x6prxxf xvq8zen xo1l8bm xzsf02u\" dir=\"auto\">Keynote<\/span><br \/>17:00 Uhr \u2013 Projektpr\u00e4sentationen<br \/>19:00 Uhr \u2013 Networking Lounge<\/p><p>Das Netzwerk-Event folgt der Idee, Organisationen, Vereine und AkteurInnen der Bildungs-, Kunst- und Kulturszene zusammenzubringen, um in lockerer Atmosph\u00e4re \u00fcber Herausforderungen innerhalb der Kulturszene zu sprechen und sich \u00fcber aktuelle und zuk\u00fcnftige Projekte auszutauschen, in der Hoffnung, neue und spannende Kooperationen und Projekte zu entwickeln. Lasst uns einander unterst\u00fctzen und gemeinsam die hiesige Kulturszene beleben.<\/p><p>Und nat\u00fcrlich: Vernetzen! Vernetzen! Vernetzen!<\/p><p>Ihr wollt teilnehmen und \/ oder ein Projekt \/ eine Organisation pr\u00e4sentieren, dann meldet euch einfach hier an!<\/p><p><a href=\"https:\/\/docs.google.com\/forms\/d\/e\/1FAIpQLSf-GoPbDpqHoEJrxIqu_N7LLYYUbMTunYsrG4V8on-g1ITukw\/viewform\" target=\"_blank\" rel=\"noopener\">https:\/\/docs.google.com\/forms\/d\/e\/1FAIpQLSf-GoPbDpqHoEJrxIqu_N7LLYYUbMTunYsrG4V8on-g1ITukw\/viewform<\/a><\/p><p><a href=\"https:\/\/www.facebook.com\/events\/8789295231171743\" target=\"_blank\" rel=\"noopener\">Facebook Event<\/a><\/p><\/div><\/div>\t\t\t\t\t\t<\/div>\n\t\t\t\t<\/div>\n\t\t\t\t<div class=\"elementor-element elementor-element-f9d3e81 elementor-widget elementor-widget-spacer\" data-id=\"f9d3e81\" data-element_type=\"widget\" data-widget_type=\"spacer.default\">\n\t\t\t\t<div class=\"elementor-widget-container\">\n\t\t\t\t\t<div class=\"elementor-spacer\">\n\t\t\t<div class=\"elementor-spacer-inner\"><\/div>\n\t\t<\/div>\n\t\t\t\t<\/div>\n\t\t\t\t<\/div>\n\t\t\t\t\t<\/div>\n\t\t<\/div>\n\t\t\t\t\t<\/div>\n\t\t<\/section>\n\t\t\t\t<\/div>","protected":false},"excerpt":{"rendered":"<p>The Jugend- &amp; Kulturprojekt e.V. (JKPeV) is delighted to invite you to the networking event LET\u2019S SHARE ONE UMBRELLA! 16:00 \u2013 Kick-off with drinks &amp; snacks16:30 \u2013 Keynote17:00 \u2013 Project presentations19:00 \u2013 Networking Lounge The networking event follows the idea of bringing together organisations, associations and actors from the education, art and culture scene to &hellip;<\/p>\n<p class=\"read-more\"> <a class=\"\" href=\"https:\/\/www.kultur-centrale.de\/de\/lets-share-one-umbrella\/\"> <span class=\"screen-reader-text\">LET&#8217;S SHARE ONE UMBRELLA<\/span> Weiterlesen &raquo;<\/a><\/p>","protected":false},"author":1,"featured_media":0,"parent":0,"menu_order":0,"comment_status":"closed","ping_status":"closed","template":"","meta":{"footnotes":""},"class_list":["post-5006","page","type-page","status-publish","hentry"],"_links":{"self":[{"href":"https:\/\/www.kultur-centrale.de\/de\/wp-json\/wp\/v2\/pages\/5006","targetHints":{"allow":["GET"]}}],"collection":[{"href":"https:\/\/www.kultur-centrale.de\/de\/wp-json\/wp\/v2\/pages"}],"about":[{"href":"https:\/\/www.kultur-centrale.de\/de\/wp-json\/wp\/v2\/types\/page"}],"author":[{"embeddable":true,"href":"https:\/\/www.kultur-centrale.de\/de\/wp-json\/wp\/v2\/users\/1"}],"replies":[{"embeddable":true,"href":"https:\/\/www.kultur-centrale.de\/de\/wp-json\/wp\/v2\/comments?post=5006"}],"version-history":[{"count":10,"href":"https:\/\/www.kultur-centrale.de\/de\/wp-json\/wp\/v2\/pages\/5006\/revisions"}],"predecessor-version":[{"id":5944,"href":"https:\/\/www.kultur-centrale.de\/de\/wp-json\/wp\/v2\/pages\/5006\/revisions\/5944"}],"wp:attachment":[{"href":"https:\/\/www.kultur-centrale.de\/de\/wp-json\/wp\/v2\/media?parent=5006"}],"curies":[{"name":"wp","href":"https:\/\/api.w.org\/{rel}","templated":true}]}}