{"id":3605,"date":"2021-02-16T13:45:49","date_gmt":"2021-02-16T12:45:49","guid":{"rendered":"https:\/\/bau.kultur-centrale.de\/?page_id=3605"},"modified":"2024-06-17T10:33:53","modified_gmt":"2024-06-17T08:33:53","slug":"events","status":"publish","type":"page","link":"https:\/\/www.kultur-centrale.de\/de\/events\/","title":{"rendered":"Veranstaltungen"},"content":{"rendered":"<div data-elementor-type=\"wp-page\" data-elementor-id=\"3605\" class=\"elementor elementor-3605\">\n\t\t\t\t\t\t<section class=\"elementor-section elementor-top-section elementor-element elementor-element-77f4b547 elementor-reverse-tablet elementor-reverse-mobile elementor-section-height-full elementor-section-stretched elementor-section-items-stretch elementor-section-boxed elementor-section-height-default\" data-id=\"77f4b547\" data-element_type=\"section\" id=\"events\" data-settings=\"{&quot;background_background&quot;:&quot;classic&quot;,&quot;animation&quot;:&quot;none&quot;,&quot;stretch_section&quot;:&quot;section-stretched&quot;,&quot;_ha_eqh_enable&quot;:false}\">\n\t\t\t\t\t\t\t<div class=\"elementor-background-overlay\"><\/div>\n\t\t\t\t\t\t\t<div class=\"elementor-container elementor-column-gap-narrow\">\n\t\t\t\t\t<div class=\"elementor-column elementor-col-50 elementor-top-column elementor-element elementor-element-4eda465f elementor-invisible\" data-id=\"4eda465f\" data-element_type=\"column\" data-settings=\"{&quot;animation&quot;:&quot;slideInLeft&quot;}\">\n\t\t\t<div class=\"elementor-widget-wrap elementor-element-populated\">\n\t\t\t\t\t\t<div class=\"elementor-element elementor-element-5dcffa8c elementor-widget__width-initial elementor-widget-tablet__width-initial elementor-widget-mobile__width-initial elementor-widget elementor-widget-text-editor\" data-id=\"5dcffa8c\" data-element_type=\"widget\" data-widget_type=\"text-editor.default\">\n\t\t\t\t<div class=\"elementor-widget-container\">\n\t\t\t\t\t\t\t<h3><strong>Veranstaltungen<\/strong><\/h3>\t\t\t\t\t\t<\/div>\n\t\t\t\t<\/div>\n\t\t\t\t<div class=\"elementor-element elementor-element-8c3dea5 elementor-widget elementor-widget-spacer\" data-id=\"8c3dea5\" data-element_type=\"widget\" data-widget_type=\"spacer.default\">\n\t\t\t\t<div class=\"elementor-widget-container\">\n\t\t\t\t\t<div class=\"elementor-spacer\">\n\t\t\t<div class=\"elementor-spacer-inner\"><\/div>\n\t\t<\/div>\n\t\t\t\t<\/div>\n\t\t\t\t<\/div>\n\t\t\t\t<div class=\"elementor-element elementor-element-2c66e309 elementor-widget__width-initial elementor-widget-tablet__width-initial elementor-widget-mobile__width-initial elementor-widget elementor-widget-text-editor\" data-id=\"2c66e309\" data-element_type=\"widget\" data-widget_type=\"text-editor.default\">\n\t\t\t\t<div class=\"elementor-widget-container\">\n\t\t\t\t\t\t\t<p><span style=\"font-size: 14pt;\">Live-Musik \/ Ausstellungen \/ Filmvorf\u00fchrungen \/ Roundtable-Diskussionen \/ Team-Aktivit\u00e4tsspiele \/ Lesungen \/ Workshops<\/span><\/p>\t\t\t\t\t\t<\/div>\n\t\t\t\t<\/div>\n\t\t\t\t<div class=\"elementor-element elementor-element-2277c65d elementor-hidden-phone elementor-widget elementor-widget-text-editor\" data-id=\"2277c65d\" data-element_type=\"widget\" data-widget_type=\"text-editor.default\">\n\t\t\t\t<div class=\"elementor-widget-container\">\n\t\t\t\t\t\t\t<p><span style=\"font-size: 14pt;\">Der Jugend- &amp; Kulturprojekt e.V. organisiert in erster Linie internationale Kunst-, Kultur- und Bildungsprojekte. Daher sind die lokalen Veranstaltungen in der KulturCentrale \u00fcberwiegend multikulturell. Jede Veranstaltung hat das Ziel, Inklusion und Vielfalt zu f\u00f6rdern und K\u00fcnstlerInnen, MusikerInnen, SchriftstellerInnen, Filmschaffenden und AktivistInnen eine offene B\u00fchne zu geben. Ob Jam-Sessions, Ausstellungen, Workshops oder offene Diskussionen, die Veranstaltungen hei\u00dfen alle willkommen, Jugendliche wie Erwachsene.<\/span><\/p>\t\t\t\t\t\t<\/div>\n\t\t\t\t<\/div>\n\t\t\t\t<div class=\"elementor-element elementor-element-5ad21485 elementor-align-left elementor-widget elementor-widget-button\" data-id=\"5ad21485\" data-element_type=\"widget\" data-settings=\"{&quot;_animation&quot;:&quot;none&quot;}\" data-widget_type=\"button.default\">\n\t\t\t\t<div class=\"elementor-widget-container\">\n\t\t\t\t\t<div class=\"elementor-button-wrapper\">\n\t\t\t<a class=\"elementor-button elementor-button-link elementor-size-md elementor-animation-grow\" href=\"https:\/\/www.facebook.com\/jkpev.de\/events\/?ref=page_internal\" target=\"_blank\">\n\t\t\t\t\t\t<span class=\"elementor-button-content-wrapper\">\n\t\t\t\t\t\t<span class=\"elementor-button-text\">Unsere Veranstaltungen<\/span>\n\t\t<\/span>\n\t\t\t\t\t<\/a>\n\t\t<\/div>\n\t\t\t\t<\/div>\n\t\t\t\t<\/div>\n\t\t\t\t\t<\/div>\n\t\t<\/div>\n\t\t\t\t<div class=\"elementor-column elementor-col-50 elementor-top-column elementor-element elementor-element-fb16a51 elementor-invisible\" data-id=\"fb16a51\" data-element_type=\"column\" data-settings=\"{&quot;animation&quot;:&quot;slideInRight&quot;}\">\n\t\t\t<div class=\"elementor-widget-wrap elementor-element-populated\">\n\t\t\t\t\t\t<div class=\"elementor-element elementor-element-3822c32d elementor-hidden-mobile elementor-widget elementor-widget-video\" data-id=\"3822c32d\" data-element_type=\"widget\" data-settings=\"{&quot;video_type&quot;:&quot;hosted&quot;,&quot;autoplay&quot;:&quot;yes&quot;,&quot;loop&quot;:&quot;yes&quot;,&quot;play_on_mobile&quot;:&quot;yes&quot;,&quot;mute&quot;:&quot;yes&quot;}\" data-widget_type=\"video.default\">\n\t\t\t\t<div class=\"elementor-widget-container\">\n\t\t\t\t\t<div class=\"e-hosted-video elementor-wrapper elementor-open-inline\">\n\t\t\t\t\t<video class=\"elementor-video\" src=\"https:\/\/bau.kultur-centrale.de\/wp-content\/uploads\/2021\/02\/events-updated-4.mp4\" autoplay=\"\" loop=\"\" muted=\"muted\" playsinline=\"\" controlslist=\"nodownload\"><\/video>\n\t\t\t\t<\/div>\n\t\t\t\t<\/div>\n\t\t\t\t<\/div>\n\t\t\t\t\t<\/div>\n\t\t<\/div>\n\t\t\t\t\t<\/div>\n\t\t<\/section>\n\t\t\t\t<\/div>","protected":false},"excerpt":{"rendered":"<p>EVENTS Live music \/ Exhibitions \/ Film Screenings \/ Roundtable discussions \/ Team activity games \/ Readings \/ Workshops In its main path, Jugend- &amp; Kulturprojekt e.V. organises international art, culture, and educational projects. Therefore, the local events in KulturCentralen are mainly multicultural. Each event has the aim to promote inclusion, diversity and to give &hellip;<\/p>\n<p class=\"read-more\"> <a class=\"\" href=\"https:\/\/www.kultur-centrale.de\/de\/events\/\"> <span class=\"screen-reader-text\">Veranstaltungen<\/span> Weiterlesen &raquo;<\/a><\/p>","protected":false},"author":1,"featured_media":0,"parent":0,"menu_order":0,"comment_status":"closed","ping_status":"closed","template":"","meta":{"footnotes":""},"class_list":["post-3605","page","type-page","status-publish","hentry"],"_links":{"self":[{"href":"https:\/\/www.kultur-centrale.de\/de\/wp-json\/wp\/v2\/pages\/3605","targetHints":{"allow":["GET"]}}],"collection":[{"href":"https:\/\/www.kultur-centrale.de\/de\/wp-json\/wp\/v2\/pages"}],"about":[{"href":"https:\/\/www.kultur-centrale.de\/de\/wp-json\/wp\/v2\/types\/page"}],"author":[{"embeddable":true,"href":"https:\/\/www.kultur-centrale.de\/de\/wp-json\/wp\/v2\/users\/1"}],"replies":[{"embeddable":true,"href":"https:\/\/www.kultur-centrale.de\/de\/wp-json\/wp\/v2\/comments?post=3605"}],"version-history":[{"count":10,"href":"https:\/\/www.kultur-centrale.de\/de\/wp-json\/wp\/v2\/pages\/3605\/revisions"}],"predecessor-version":[{"id":5853,"href":"https:\/\/www.kultur-centrale.de\/de\/wp-json\/wp\/v2\/pages\/3605\/revisions\/5853"}],"wp:attachment":[{"href":"https:\/\/www.kultur-centrale.de\/de\/wp-json\/wp\/v2\/media?parent=3605"}],"curies":[{"name":"wp","href":"https:\/\/api.w.org\/{rel}","templated":true}]}}