{"id":3576,"date":"2021-02-16T13:34:07","date_gmt":"2021-02-16T12:34:07","guid":{"rendered":"https:\/\/bau.kultur-centrale.de\/?page_id=3576"},"modified":"2022-11-09T18:43:25","modified_gmt":"2022-11-09T17:43:25","slug":"our-space","status":"publish","type":"page","link":"https:\/\/www.kultur-centrale.de\/de\/our-space\/","title":{"rendered":"Unser Raum"},"content":{"rendered":"<div data-elementor-type=\"wp-page\" data-elementor-id=\"3576\" class=\"elementor elementor-3576\">\n\t\t\t\t\t\t<section class=\"elementor-section elementor-top-section elementor-element elementor-element-3acda788 elementor-section-height-min-height elementor-section-items-top elementor-hidden-tablet elementor-hidden-phone elementor-section-boxed elementor-section-height-default\" data-id=\"3acda788\" data-element_type=\"section\" id=\"ourspace\" data-settings=\"{&quot;background_background&quot;:&quot;classic&quot;,&quot;_ha_eqh_enable&quot;:false}\">\n\t\t\t\t\t\t\t<div class=\"elementor-background-overlay\"><\/div>\n\t\t\t\t\t\t\t<div class=\"elementor-container elementor-column-gap-default\">\n\t\t\t\t\t<div class=\"elementor-column elementor-col-33 elementor-top-column elementor-element elementor-element-29e73daa elementor-invisible\" data-id=\"29e73daa\" data-element_type=\"column\" data-settings=\"{&quot;background_background&quot;:&quot;classic&quot;,&quot;animation&quot;:&quot;fadeInLeft&quot;}\">\n\t\t\t<div class=\"elementor-widget-wrap elementor-element-populated\">\n\t\t\t\t\t\t<div class=\"elementor-element elementor-element-77c3cfa5 elementor-widget elementor-widget-heading\" data-id=\"77c3cfa5\" data-element_type=\"widget\" data-widget_type=\"heading.default\">\n\t\t\t\t<div class=\"elementor-widget-container\">\n\t\t\t<h2 class=\"elementor-heading-title elementor-size-default\">Ein Raum, viele M\u00f6glichkeiten!<\/h2>\t\t<\/div>\n\t\t\t\t<\/div>\n\t\t\t\t<div class=\"elementor-element elementor-element-43cf44ad elementor-widget elementor-widget-text-editor\" data-id=\"43cf44ad\" data-element_type=\"widget\" data-widget_type=\"text-editor.default\">\n\t\t\t\t<div class=\"elementor-widget-container\">\n\t\t\t\t\t\t\t<p style=\"text-align: left;\"><span class=\"VIiyi\" lang=\"en\" style=\"font-size: 14pt;\"><span class=\"JLqJ4b ChMk0b\" data-language-for-alternatives=\"en\" data-language-to-translate-into=\"bg\" data-phrase-index=\"0\">Die KulturCentrale ist ein Multifuntionsraum und bietet dank der variablen M\u00f6blierung viele M\u00f6glichkeiten: als Veranstaltungsraum, B\u00fcro, Werkstatt, Galerie, Kino und Konferenzraum. <\/span><\/span><\/p><p><span class=\"VIiyi\" lang=\"en\" style=\"font-size: 14pt;\"> <span class=\"JLqJ4b ChMk0b\" data-language-for-alternatives=\"en\" data-language-to-translate-into=\"bg\" data-phrase-index=\"2\">A variety of lighting, a Zoom conference system, a sound system, a high-quality projection, a bar and a kitchen are provided to serve the needs of each event. <br \/><\/span><\/span><\/p>\t\t\t\t\t\t<\/div>\n\t\t\t\t<\/div>\n\t\t\t\t\t<\/div>\n\t\t<\/div>\n\t\t\t\t<div class=\"elementor-column elementor-col-66 elementor-top-column elementor-element elementor-element-3525e5d7 elementor-invisible\" data-id=\"3525e5d7\" data-element_type=\"column\" data-settings=\"{&quot;background_background&quot;:&quot;classic&quot;,&quot;animation&quot;:&quot;fadeInRight&quot;}\">\n\t\t\t<div class=\"elementor-widget-wrap elementor-element-populated\">\n\t\t\t\t\t\t<div class=\"elementor-element elementor-element-1f7265c3 elementor-widget elementor-widget-html\" data-id=\"1f7265c3\" data-element_type=\"widget\" data-widget_type=\"html.default\">\n\t\t\t\t<div class=\"elementor-widget-container\">\n\t\t\t<iframe src=\"https:\/\/www.theasys.io\/viewer\/l2TBua2qr2RjSVi5UbLLknmpbe4aiO\" allowfullscreen=\"true\" frameborder=\"0\" scrolling=\"no\" allow=\"vr;gyroscope;accelerometer\" height=\"500\" style=\"width:100%;border:none;\"><\/iframe>\n\t\t<\/div>\n\t\t\t\t<\/div>\n\t\t\t\t\t<\/div>\n\t\t<\/div>\n\t\t\t\t\t<\/div>\n\t\t<\/section>\n\t\t\t\t<section class=\"elementor-section elementor-top-section elementor-element elementor-element-56f79318 elementor-hidden-desktop elementor-hidden-phone elementor-section-boxed elementor-section-height-default elementor-section-height-default\" data-id=\"56f79318\" data-element_type=\"section\" id=\"ourspacetablet\" data-settings=\"{&quot;background_background&quot;:&quot;classic&quot;,&quot;_ha_eqh_enable&quot;:false}\">\n\t\t\t\t\t\t<div class=\"elementor-container elementor-column-gap-default\">\n\t\t\t\t\t<div class=\"elementor-column elementor-col-100 elementor-top-column elementor-element elementor-element-57d662a2\" data-id=\"57d662a2\" data-element_type=\"column\">\n\t\t\t<div class=\"elementor-widget-wrap elementor-element-populated\">\n\t\t\t\t\t\t<div class=\"elementor-element elementor-element-39b2354 elementor-widget elementor-widget-html\" data-id=\"39b2354\" data-element_type=\"widget\" data-widget_type=\"html.default\">\n\t\t\t\t<div class=\"elementor-widget-container\">\n\t\t\t<iframe src=\"https:\/\/www.theasys.io\/viewer\/l2TBua2qr2RjSVi5UbLLknmpbe4aiO\" allowfullscreen=\"true\" frameborder=\"0\" scrolling=\"no\" allow=\"vr;gyroscope;accelerometer\" height=\"400\" style=\"width:100%;border:none;\"><\/iframe>\n\t\t<\/div>\n\t\t\t\t<\/div>\n\t\t\t\t\t<\/div>\n\t\t<\/div>\n\t\t\t\t\t<\/div>\n\t\t<\/section>\n\t\t\t\t<section class=\"elementor-section elementor-top-section elementor-element elementor-element-671f6dbc elementor-hidden-phone elementor-hidden-desktop elementor-section-boxed elementor-section-height-default elementor-section-height-default\" data-id=\"671f6dbc\" data-element_type=\"section\" data-settings=\"{&quot;background_background&quot;:&quot;classic&quot;,&quot;_ha_eqh_enable&quot;:false}\">\n\t\t\t\t\t\t<div class=\"elementor-container elementor-column-gap-default\">\n\t\t\t\t\t<div class=\"elementor-column elementor-col-100 elementor-top-column elementor-element elementor-element-2ecc1a2a\" data-id=\"2ecc1a2a\" data-element_type=\"column\">\n\t\t\t<div class=\"elementor-widget-wrap elementor-element-populated\">\n\t\t\t\t\t\t<div class=\"elementor-element elementor-element-1be229c6 elementor-widget elementor-widget-heading\" data-id=\"1be229c6\" data-element_type=\"widget\" data-widget_type=\"heading.default\">\n\t\t\t\t<div class=\"elementor-widget-container\">\n\t\t\t<h1 class=\"elementor-heading-title elementor-size-default\">Ein Raum, viele M\u00f6glichkeiten!<\/h1>\t\t<\/div>\n\t\t\t\t<\/div>\n\t\t\t\t<div class=\"elementor-element elementor-element-8dc77c8 elementor-widget elementor-widget-text-editor\" data-id=\"8dc77c8\" data-element_type=\"widget\" data-widget_type=\"text-editor.default\">\n\t\t\t\t<div class=\"elementor-widget-container\">\n\t\t\t\t\t\t\t<p><span style=\"font-size: 14pt;\"><span class=\"VIiyi\" lang=\"en\"><span class=\"JLqJ4b ChMk0b\" data-language-for-alternatives=\"en\" data-language-to-translate-into=\"bg\" data-phrase-index=\"0\">Der Raum der KulturCentrale bietet dank seiner Gr\u00f6\u00dfe und kompakten M\u00f6bel viele M\u00f6glichkeiten: <\/span><\/span><span class=\"VIiyi\" lang=\"en\"><span class=\"JLqJ4b ChMk0b\" data-language-for-alternatives=\"en\" data-language-to-translate-into=\"bg\" data-phrase-index=\"0\">Veranstaltungsraum, <\/span><\/span><span class=\"VIiyi\" lang=\"en\"><span class=\"JLqJ4b ChMk0b\" data-language-for-alternatives=\"en\" data-language-to-translate-into=\"bg\" data-phrase-index=\"0\">B\u00fcro, <\/span><\/span><span class=\"VIiyi\" lang=\"en\"><span class=\"JLqJ4b ChMk0b\" data-language-for-alternatives=\"en\" data-language-to-translate-into=\"bg\" data-phrase-index=\"0\">workshop, <\/span><\/span><span class=\"VIiyi\" lang=\"en\"><span class=\"JLqJ4b ChMk0b\" data-language-for-alternatives=\"en\" data-language-to-translate-into=\"bg\" data-phrase-index=\"0\">Galerie, <\/span><\/span><span class=\"VIiyi\" lang=\"en\"><span class=\"JLqJ4b ChMk0b\" data-language-for-alternatives=\"en\" data-language-to-translate-into=\"bg\" data-phrase-index=\"0\">Kino, <\/span><\/span><span class=\"VIiyi\" lang=\"en\"><span class=\"JLqJ4b ChMk0b\" data-language-for-alternatives=\"en\" data-language-to-translate-into=\"bg\" data-phrase-index=\"0\">Konferenzraum.<\/span><\/span><\/span><\/p><p><span class=\"VIiyi\" lang=\"en\" style=\"font-size: 14pt;\"> <span class=\"JLqJ4b ChMk0b\" data-language-for-alternatives=\"en\" data-language-to-translate-into=\"bg\" data-phrase-index=\"1\">Eine Vielzahl von Beleuchtungen, ein Zoom-Konferenzsystem, ein Soundsystem, ein hochwertiges Projektionssystem, eine Bar und eine K\u00fcche werden bereitgestellt, um den Anforderungen jeder Veranstaltung gerecht zu werden.<\/span> <span class=\"JLqJ4b ChMk0b\" data-language-for-alternatives=\"en\" data-language-to-translate-into=\"bg\" data-phrase-index=\"2\">Der Raum bietet Platz f\u00fcr bis zu 50 Personen.<\/span><\/span><\/p>\t\t\t\t\t\t<\/div>\n\t\t\t\t<\/div>\n\t\t\t\t\t<\/div>\n\t\t<\/div>\n\t\t\t\t\t<\/div>\n\t\t<\/section>\n\t\t\t\t<section class=\"elementor-section elementor-top-section elementor-element elementor-element-2accbe87 elementor-section-full_width elementor-hidden-tablet elementor-hidden-desktop elementor-section-height-default elementor-section-height-default\" data-id=\"2accbe87\" data-element_type=\"section\" id=\"ourspacemobile\" data-settings=\"{&quot;background_background&quot;:&quot;classic&quot;,&quot;_ha_eqh_enable&quot;:false}\">\n\t\t\t\t\t\t\t<div class=\"elementor-background-overlay\"><\/div>\n\t\t\t\t\t\t\t<div class=\"elementor-container elementor-column-gap-wide\">\n\t\t\t\t\t<div class=\"elementor-column elementor-col-50 elementor-top-column elementor-element elementor-element-a22fd4a elementor-hidden-desktop elementor-hidden-tablet\" data-id=\"a22fd4a\" data-element_type=\"column\">\n\t\t\t<div class=\"elementor-widget-wrap elementor-element-populated\">\n\t\t\t\t\t\t<div class=\"elementor-element elementor-element-2234d4a0 elementor-widget elementor-widget-html\" data-id=\"2234d4a0\" data-element_type=\"widget\" data-widget_type=\"html.default\">\n\t\t\t\t<div class=\"elementor-widget-container\">\n\t\t\t<iframe src=\"https:\/\/www.theasys.io\/viewer\/l2TBua2qr2RjSVi5UbLLknmpbe4aiO\" allowfullscreen=\"true\" frameborder=\"0\" scrolling=\"no\" allow=\"vr;gyroscope;accelerometer\" height=\"250\" style=\"width:200%;border:none;\"><\/iframe>\n\t\t<\/div>\n\t\t\t\t<\/div>\n\t\t\t\t\t<\/div>\n\t\t<\/div>\n\t\t\t\t<div class=\"elementor-column elementor-col-50 elementor-top-column elementor-element elementor-element-7501c41\" data-id=\"7501c41\" data-element_type=\"column\">\n\t\t\t<div class=\"elementor-widget-wrap elementor-element-populated\">\n\t\t\t\t\t\t<div class=\"elementor-element elementor-element-4523982e elementor-widget elementor-widget-spacer\" data-id=\"4523982e\" data-element_type=\"widget\" data-widget_type=\"spacer.default\">\n\t\t\t\t<div class=\"elementor-widget-container\">\n\t\t\t\t\t<div class=\"elementor-spacer\">\n\t\t\t<div class=\"elementor-spacer-inner\"><\/div>\n\t\t<\/div>\n\t\t\t\t<\/div>\n\t\t\t\t<\/div>\n\t\t\t\t\t<\/div>\n\t\t<\/div>\n\t\t\t\t\t<\/div>\n\t\t<\/section>\n\t\t\t\t<section class=\"elementor-section elementor-top-section elementor-element elementor-element-3553563d elementor-hidden-tablet elementor-hidden-desktop elementor-section-stretched elementor-section-boxed elementor-section-height-default elementor-section-height-default\" data-id=\"3553563d\" data-element_type=\"section\" data-settings=\"{&quot;background_background&quot;:&quot;classic&quot;,&quot;stretch_section&quot;:&quot;section-stretched&quot;,&quot;_ha_eqh_enable&quot;:false}\">\n\t\t\t\t\t\t<div class=\"elementor-container elementor-column-gap-default\">\n\t\t\t\t\t<div class=\"elementor-column elementor-col-100 elementor-top-column elementor-element elementor-element-6986357d\" data-id=\"6986357d\" data-element_type=\"column\">\n\t\t\t<div class=\"elementor-widget-wrap elementor-element-populated\">\n\t\t\t\t\t\t<div class=\"elementor-element elementor-element-438af0d8 elementor-widget elementor-widget-sina_content_slider\" data-id=\"438af0d8\" data-element_type=\"widget\" data-widget_type=\"sina_content_slider.default\">\n\t\t\t\t<div class=\"elementor-widget-container\">\n\t\t\t\t\t<div class=\"sina-content-slider owl-carousel\"\r\n\t\tdata-item-lg=\"3\"\r\n\t\tdata-item-md=\"2\"\r\n\t\tdata-item-sm=\"1\"\r\n\t\tdata-autoplay=\"\"\r\n\t\tdata-pause=\"yes\"\r\n\t\tdata-center=\"yes\"\r\n\t\tdata-slide-anim=\"\"\r\n\t\tdata-slide-anim-out=\"\"\r\n\t\tdata-nav=\"yes\"\r\n\t\tdata-dots=\"yes\"\r\n\t\tdata-mouse-drag=\"yes\"\r\n\t\tdata-touch-drag=\"yes\"\r\n\t\tdata-loop=\"\"\r\n\t\tdata-speed=\"500\"\r\n\t\tdata-delay=\"5000\">\r\n\r\n\t\t\t\t\t\t\t<div class=\"sina-cs-item elementor-repeater-item-d40a809\">\r\n\t\t\t\t\t\t\t\t\t\t\t\r\n\t\t\t\t\t\t\r\n\t\t\t\t\t\t\t\t\t\t\t\t\t<div class=\"sina-cs-desc\">Der Raum von KulturCentral bietet dank seiner Gr\u00f6\u00dfe und seiner kompakten M\u00f6bel eine Vielzahl von Optionen: Veranstaltungsraum, B\u00fcro, Werkstatt, Galerie, Kino und Konferenzraum.<\/div>\t\t\t\t\t\t\t\t\t\t\t\t\t\t\t<\/div>\r\n\t\t\t\t\t\t\t<div class=\"sina-cs-item elementor-repeater-item-e4366d7\">\r\n\t\t\t\t\t\t\t\t\t\t\t\r\n\t\t\t\t\t\t\r\n\t\t\t\t\t\t\t\t\t\t\t\t\t<div class=\"sina-cs-desc\">Eine Vielzahl von Beleuchtungen, ein Zoom-Konferenzsystem, ein Soundsystem, ein hochwertiges Projektionssystem, eine Bar und eine K\u00fcche werden bereitgestellt, um den Anforderungen jeder Veranstaltung gerecht zu werden.<\/div>\t\t\t\t\t\t\t\t\t\t\t\t\t\t\t<\/div>\r\n\t\t\t\r\n\t\t<\/div><!-- .sina-content-slider -->\r\n\t\t\t\t<\/div>\n\t\t\t\t<\/div>\n\t\t\t\t\t<\/div>\n\t\t<\/div>\n\t\t\t\t\t<\/div>\n\t\t<\/section>\n\t\t\t\t<\/div>","protected":false},"excerpt":{"rendered":"<p>One space, many possibilities! Thanks to the wide space of KulturCentrale and its compact furniture, it provides many options: as event room, office, workshop, gallery, cinema, and conference room. A variety of lighting, a Zoom conference system, a sound system, a high-quality projection, a bar and a kitchen are provided to serve the needs of &hellip;<\/p>\n<p class=\"read-more\"> <a class=\"\" href=\"https:\/\/www.kultur-centrale.de\/de\/our-space\/\"> <span class=\"screen-reader-text\">Unser Raum<\/span> Weiterlesen &raquo;<\/a><\/p>","protected":false},"author":1,"featured_media":0,"parent":0,"menu_order":0,"comment_status":"closed","ping_status":"closed","template":"","meta":{"footnotes":""},"class_list":["post-3576","page","type-page","status-publish","hentry"],"_links":{"self":[{"href":"https:\/\/www.kultur-centrale.de\/de\/wp-json\/wp\/v2\/pages\/3576","targetHints":{"allow":["GET"]}}],"collection":[{"href":"https:\/\/www.kultur-centrale.de\/de\/wp-json\/wp\/v2\/pages"}],"about":[{"href":"https:\/\/www.kultur-centrale.de\/de\/wp-json\/wp\/v2\/types\/page"}],"author":[{"embeddable":true,"href":"https:\/\/www.kultur-centrale.de\/de\/wp-json\/wp\/v2\/users\/1"}],"replies":[{"embeddable":true,"href":"https:\/\/www.kultur-centrale.de\/de\/wp-json\/wp\/v2\/comments?post=3576"}],"version-history":[{"count":10,"href":"https:\/\/www.kultur-centrale.de\/de\/wp-json\/wp\/v2\/pages\/3576\/revisions"}],"predecessor-version":[{"id":4881,"href":"https:\/\/www.kultur-centrale.de\/de\/wp-json\/wp\/v2\/pages\/3576\/revisions\/4881"}],"wp:attachment":[{"href":"https:\/\/www.kultur-centrale.de\/de\/wp-json\/wp\/v2\/media?parent=3576"}],"curies":[{"name":"wp","href":"https:\/\/api.w.org\/{rel}","templated":true}]}}