{"id":1032,"date":"2021-01-28T18:19:50","date_gmt":"2021-01-28T17:19:50","guid":{"rendered":"https:\/\/bau.kultur-centrale.de\/?page_id=1032"},"modified":"2024-05-22T14:33:29","modified_gmt":"2024-05-22T12:33:29","slug":"p","status":"publish","type":"page","link":"https:\/\/www.kultur-centrale.de\/de\/p\/","title":{"rendered":"Datenschutz"},"content":{"rendered":"<div data-elementor-type=\"wp-page\" data-elementor-id=\"1032\" class=\"elementor elementor-1032\">\n\t\t\t\t\t\t<section class=\"elementor-section elementor-top-section elementor-element elementor-element-de8f280 elementor-section-boxed elementor-section-height-default elementor-section-height-default\" data-id=\"de8f280\" data-element_type=\"section\" data-settings=\"{&quot;background_background&quot;:&quot;classic&quot;,&quot;_ha_eqh_enable&quot;:false}\">\n\t\t\t\t\t\t<div class=\"elementor-container elementor-column-gap-default\">\n\t\t\t\t\t<div class=\"elementor-column elementor-col-100 elementor-top-column elementor-element elementor-element-6efa759\" data-id=\"6efa759\" data-element_type=\"column\">\n\t\t\t<div class=\"elementor-widget-wrap elementor-element-populated\">\n\t\t\t\t\t\t<div class=\"elementor-element elementor-element-7754299 elementor-widget elementor-widget-heading\" data-id=\"7754299\" data-element_type=\"widget\" data-widget_type=\"heading.default\">\n\t\t\t\t<div class=\"elementor-widget-container\">\n\t\t\t<h2 class=\"elementor-heading-title elementor-size-default\">Datenschutz<\/h2>\t\t<\/div>\n\t\t\t\t<\/div>\n\t\t\t\t<div class=\"elementor-element elementor-element-8e4c8d0 elementor-widget elementor-widget-text-editor\" data-id=\"8e4c8d0\" data-element_type=\"widget\" data-widget_type=\"text-editor.default\">\n\t\t\t\t<div class=\"elementor-widget-container\">\n\t\t\t\t\t\t\t<p>Diese Datenschutzerkl\u00e4rung regelt die Erhebung, Verarbeitung und Speicherung von Daten, die bei der Nutzung unserer Webseiten anfallen. Wir beachten im Umgang mit den erhobenen Daten die g\u00fcltigen gesetzlichen Regelungen der Bundesrepublik Deutschland und der Europ\u00e4ischen Datenschutzgrundverordnung (DSGVO) sowie die nachfolgenden Verpflichtungen.<br \/>\u00dcber das folgende Inhaltsverzeichnis gelangen Sie direkt zu den entsprechenden Datenschutzpassagen.<\/p><p>1. Datenschutz auf einen Blick<\/p><p>General information on data collection on this website<br \/>Die folgenden Hinweise geben einen einfachen \u00dcberblick dar\u00fcber, welche personenbezogenen Daten erhoben werden und was mit diesen passiert, wenn Sie unsere Website besuchen. Personenbezogene Daten sind alle Daten, mit denen Sie pers\u00f6nlich identifiziert werden k\u00f6nnen (z.B. Name, Adresse, E-Mail-Adressen, Nutzerverhalten und IP-Adresse).<br \/>Ausf\u00fchrliche Informationen zum Thema Datenschutz sowie weitere Details k\u00f6nnen Sie den folgenden Texten entnehmen.<br \/>Wer ist verantwortlich f\u00fcr die Datenerfassung auf dieser Website?<br \/>Wer ist verantwortlich f\u00fcr die Datenerfassung auf dieser Website?<br \/>Wie erfassen wir Ihre Daten?<br \/>On the one hand, your data is collected by you providing it to us. This can be, for example, data that you enter in a contact form, send to us by e-mail or communicate to us by telephone.<br \/>Ihre Daten werden zum einen dadurch erhoben, dass Sie uns diese mitteilen. Hierbei kann es sich z.B. um Daten handeln, die Sie in ein Kontaktformular eingeben, uns per E-Mail zusenden oder telefonisch mitteilen.<br \/>Wof\u00fcr nutzen wir Ihre automatisch erhobenen Daten?<br \/>Diese Daten werden erhoben, um eine fehlerfreie Bereitstellung der Website zu gew\u00e4hrleisten.<br \/>Welche Rechte haben Sie bez\u00fcglich Ihrer Daten?<br \/>Sie haben jederzeit das Recht, unentgeltlich Auskunft \u00fcber Herkunft, Empf\u00e4nger und Zweck Ihrer gespeicherten personenbezogenen Daten zu erhalten. Sie haben au\u00dferdem ein Recht, die Berichtigung, Sperrung oder L\u00f6schung dieser Daten zu verlangen. Hierzu sowie zu weiteren Fragen zum Thema Datenschutz k\u00f6nnen Sie sich jederzeit unter der im Impressum angegebenen Adresse an uns wenden. Des Weiteren steht Ihnen ein Beschwerderecht bei der zust\u00e4ndigen Aufsichtsbeh\u00f6rde zu.<\/p><p>2. Allgemeine Hinweise, Pflichtinformationen und Ihre Rechte<\/p><p>\u00a0<\/p><p>Wir als Betreiber dieser Website nehmen den Schutz Ihrer pers\u00f6nlichen Daten sehr ernst. Wir behandeln Ihre personenbezogenen Daten vertraulich und entsprechend der gesetzlichen Datenschutzvorschriften sowie dieser Datenschutzerkl\u00e4rung.<br \/>Wenn Sie diese Website benutzen, werden verschiedene personenbezogene Daten erhoben. Personenbezogene Daten sind Daten, mit denen Sie pers\u00f6nlich identifiziert werden k\u00f6nnen (z.B. Name, Adresse, E-Mail-Adressen, Nutzerverhalten und IP-Adresse). Die vorliegende Datenschutzerkl\u00e4rung erl\u00e4utert, welche Daten wir erheben und wof\u00fcr wir sie nutzen. Sie erl\u00e4utert auch, wie und zu welchem Zweck das geschieht.<br \/>Wir weisen darauf hin, dass die Daten\u00fcbertragung im Internet generell (z.B. bei der Kommunikation per E-Mail) Sicherheitsl\u00fccken aufweisen kann.<\/p><p>2.1 Hinweis zur verantwortlichen Stelle<\/p><p>\u00a0<\/p><p>Die verantwortliche Stelle f\u00fcr die Datenverarbeitung auf dieser Website ist:<br \/>Jugend- &amp; Kulturprojekt e.V.<br \/>Stefan Kiehne<br \/>Hechtstra\u00dfe 17<br \/>01097 Dresden<br \/>Telefon: +49 0351 8104 766<br \/>E-mail: info@jkpev.de<br \/>Verantwortliche Stelle ist die nat\u00fcrliche oder juristische Person, die allein oder gemeinsam mit anderen \u00fcber die Zwecke und Mittel der Verarbeitung von personenbezogenen Daten (z.B. Namen, E-Mail-Adressen o. \u00c4.) entscheidet.<\/p><p>2.2 Widerruf Ihrer Einwilligung zur Datenverarbeitung und Widerspruchsrecht gegen die Datenerhebung in besonderen F\u00e4llen sowie gegen Direktwerbung (Art. 21 DSGVO)<br \/>Widerrufsrecht<\/p><p>\u00a0<\/p><p>Viele Datenverarbeitungsvorg\u00e4nge sind nur mit Ihrer ausdr\u00fccklichen Einwilligung oder einem berechtigten Interesse gem\u00e4\u00df Art. 6 Abs. 1 lit. f DSGVO m\u00f6glich.\nSie k\u00f6nnen eine bereits erteilte Einwilligung jederzeit widerrufen. Dazu reicht eine formlose Mitteilung per E-Mail an info@jkpev.de. Die Rechtm\u00e4\u00dfigkeit der bis zum Widerruf erfolgten Datenverarbeitung bleibt vom Widerruf unber\u00fchrt.<br \/>Sie k\u00f6nnen eine bereits erteilte Einwilligung jederzeit widerrufen. Dazu reicht eine formlose Mitteilung per E-Mail an info@jkpev.de. Die Rechtm\u00e4\u00dfigkeit der bis zum Widerruf erfolgten Datenverarbeitung bleibt vom Widerruf unber\u00fchrt.<br \/>Widerspruchsrecht gegen die Datenerhebung in besonderen F\u00e4llen sowie gegen Direktwerbung (Art. 21 DSGVO)<br \/>Wenn die Datenverarbeitung auf Grundlage von Art. 6 Abs. 1 lit. e oder f DSGVO erfolgt, haben Sie jederzeit das Recht, aus Gr\u00fcnden, die sich aus Ihrer besonderen Situation ergeben, gegen die Verarbeitung Ihrer personenbezogenen Daten Widerspruch einzulegen; dies gilt auch f\u00fcr ein auf diese Bestimmungen gest\u00fctztes Profiling. Die jeweilige Rechtsgrundlage, auf denen eine Verarbeitung beruht, entnehmen Sie dieser Datenschutzerkl\u00e4rung. Wenn Sie Widerspruch einlegen, werden wir Ihre betroffenen personenbezogenen Daten nicht mehr verarbeiten, es sei denn, wir k\u00f6nnen zwingende schutzw\u00fcrdige Gr\u00fcnde f\u00fcr die Verarbeitung nachweisen, die Ihre Interessen, Rechte und Freiheiten \u00fcberwiegen oder die Verarbeitung dient der Geltendmachung, Aus\u00fcbung oder Verteidigung von Rechtsanspr\u00fcchen (Widerspruch nach Art. 21 Abs. 1 DSGVO).<br \/>Werden Ihre personenbezogenen Daten verarbeitet, um Direktwerbung zu betreiben, so haben Sie das Recht, jederzeit Widerspruch gegen die Verarbeitung Sie betreffender personenbezogener Daten zum Zwecke derartiger Werbung einzulegen; dies gilt auch f\u00fcr das Profiling, soweit es mit solcher Direktwerbung in Verbindung steht. Wenn Sie widersprechen, werden Ihre personenbezogenen Daten anschlie\u00dfend nicht mehr zum Zwecke der Direktwerbung verwendet (Widerspruch nach Art. 21 Abs. 2 DSGVO).<br \/>M\u00f6chten Sie von Ihrem Widerspruchsrecht Gebrauch machen, gen\u00fcgt eine E-Mail an info@jkpev.de.<\/p><p>2.3 Beschwerderecht bei der zust\u00e4ndigen Aufsichtsbeh\u00f6rde<\/p><p>\u00a0<\/p><p>Im Falle datenschutzrechtlicher Verst\u00f6\u00dfe steht dem Betroffenen ein Beschwerderecht bei der zust\u00e4ndigen Aufsichtsbeh\u00f6rde zu. Zust\u00e4ndige Aufsichtsbeh\u00f6rde in datenschutzrechtlichen Fragen ist der Landesdatenschutzbeauftragte des Bundeslandes, in dem unser Unternehmen seinen Sitz hat.<br \/>Konkret ist dies f\u00fcr das Bundesland Sachsen:<br \/>Der S\u00e4chsische Datenschutzbeauftragte<br \/>Andreas Schurig<br \/>Bernhard-von-Lindenau-Platz 1<br \/>01067 Dresden<br \/>Telefon: 03 51\/49 3-5401<br \/>Telefax: 03 51\/49 3-5490<br \/>E-Mail: saechsdsb@slt.sachsen.de<br \/>Homepage: http:\/\/www.datenschutz.sachsen.de<\/p><p>2.4 Recht auf Daten\u00fcbertragbarkeit<\/p><p>\u00a0<\/p><p>Sie haben das Recht, Daten, die wir auf Grundlage Ihrer Einwilligung oder in Erf\u00fcllung eines Vertrags automatisiert verarbeiten, an sich oder an einen Dritten in einem g\u00e4ngigen, maschinenlesbaren Format aush\u00e4ndigen zu lassen. Sofern Sie die direkte \u00dcbertragung der Daten an einen anderen Verantwortlichen verlangen, erfolgt dies nur, soweit es technisch machbar ist.<\/p><p>2.5 SSL- bzw. TLS-Verschl\u00fcsselung<\/p><p>\u00a0<\/p><p>Diese Seite nutzt aus Sicherheitsgr\u00fcnden und zum Schutz der \u00dcbertragung vertraulicher Inhalte, wie zum Beispiel Bestellungen oder Anfragen, die Sie an uns als Seitenbetreiber senden, eine SSL-bzw. TLS-Verschl\u00fcsselung. Eine verschl\u00fcsselte Verbindung erkennen Sie daran, dass die Adresszeile des Browsers von \u201chttp:\/\/\u201d auf \u201chttps:\/\/\u201d wechselt und an dem Schloss-Symbol in Ihrer Browserzeile.<br \/>Wenn die SSL- bzw. TLS-Verschl\u00fcsselung aktiviert ist, k\u00f6nnen die Daten, die Sie an uns \u00fcbermitteln, nicht von Dritten mitgelesen werden.<\/p><p>2.6 Auskunft, Berichtigung, Sperrung und L\u00f6schung<\/p><p>\u00a0<\/p><p>Sie haben im Rahmen der geltenden gesetzlichen Bestimmungen jederzeit das Recht auf unentgeltliche Auskunft \u00fcber Ihre gespeicherten personenbezogenen Daten, deren Herkunft und Empf\u00e4nger und den Zweck der Datenverarbeitung und ggf. ein Recht auf Berichtigung, Sperrung oder L\u00f6schung dieser Daten. Hierzu sowie zu weiteren Fragen zum Thema personenbezogene Daten k\u00f6nnen Sie sich jederzeit unter der oben angegebenen Adresse an uns wenden.<\/p><p>2.7 Recht auf Einschr\u00e4nkung der Verarbeitung<\/p><p>\u00a0<\/p><p>Sie haben das Recht, die Einschr\u00e4nkung der Verarbeitung Ihrer personenbezogenen Daten zu verlangen. Hierzu k\u00f6nnen Sie sich jederzeit unter der im Impressum angegebenen Adresse an uns wenden. Das Recht auf Einschr\u00e4nkung der Verarbeitung besteht in folgenden F\u00e4llen:<br \/>Wenn Sie die Richtigkeit Ihrer bei uns gespeicherten personenbezogenen Daten bestreiten, ben\u00f6tigen wir in der Regel Zeit, um dies zu \u00fcberpr\u00fcfen. F\u00fcr die Dauer der Pr\u00fcfung haben Sie das Recht, die Einschr\u00e4nkung der Verarbeitung Ihrer personenbezogenen Daten zu verlangen.<br \/>Wenn die Verarbeitung Ihrer personenbezogenen Daten unrechtm\u00e4\u00dfig geschah \/ geschieht, k\u00f6nnen Sie statt der L\u00f6schung die Einschr\u00e4nkung der Datenverarbeitung verlangen.<br \/>Wenn wir Ihre personenbezogenen Daten nicht mehr ben\u00f6tigen, Sie sie jedoch zur Aus\u00fcbung, Verteidigung oder Geltendmachung von Rechtsanspr\u00fcchen ben\u00f6tigen, haben Sie das Recht, statt der L\u00f6schung die Einschr\u00e4nkung der Verarbeitung Ihrer personenbezogenen Daten zu verlangen.<br \/>Wenn Sie einen Widerspruch nach Art. 21 Abs. 1 DSGVO eingelegt haben, muss eine Abw\u00e4gung zwischen Ihren und unseren Interessen vorgenommen werden. Solange noch nicht feststeht, wessen Interessen \u00fcberwiegen, haben Sie das Recht, die Einschr\u00e4nkung der Verarbeitung Ihrer personenbezogenen Daten zu verlangen.<br \/>Wenn Sie die Verarbeitung Ihrer personenbezogenen Daten eingeschr\u00e4nkt haben, d\u00fcrfen diese Daten \u2013 von ihrer Speicherung abgesehen \u2013 nur mit Ihrer Einwilligung oder zur Geltendmachung, Aus\u00fcbung oder Verteidigung von Rechtsanspr\u00fcchen oder zum Schutz der Rechte einer anderen nat\u00fcrlichen oder juristischen Person oder aus Gr\u00fcnden eines wichtigen \u00f6ffentlichen Interesses der Europ\u00e4ischen Union oder eines Mitgliedstaats verarbeitet werden.<\/p><p>2.8 Weitergabe von Daten im Allgemeinen<\/p><p>\u00a0<\/p><p>Eine \u00dcbermittlung Ihrer pers\u00f6nlichen Daten an Dritte zu anderen als den Folgenden aufgef\u00fchrten Zwecken findet nicht statt.\nWir geben Ihre pers\u00f6nlichen Daten nur weiter, wenn:<br \/>Wir geben Ihre pers\u00f6nlichen Daten nur weiter, wenn:<br \/>Sie Ihre ausdr\u00fcckliche Einwilligung dazu erteilt haben (Art. 6 Abs. 1 lit. a DSGVO),<br \/>die Weitergabe nach Art. 6 Abs. 1 lit. f DSGVO zur Geltendmachung, Aus\u00fcbung oder Verteidigung von Rechtsanspr\u00fcchen erforderlich ist und kein Grund zur Annahme besteht, dass Sie ein \u00fcberwiegendes schutzw\u00fcrdiges Interesse an der Nichtweitergabe Ihrer Daten haben,<br \/>f\u00fcr den Fall, dass f\u00fcr die Weitergabe nach Art. 6 Abs. 1 lit. c DSGVO eine gesetzliche Verpflichtung besteht, sowie<br \/>dies gesetzlich zul\u00e4ssig und nach Art. 6 Abs. 1 lit. b DSGVO f\u00fcr die Abwicklung von Vertragsverh\u00e4ltnissen mit Ihnen erforderlich ist.<br \/>In F\u00e4llen, bei denen eine Datenverarbeitung gem\u00e4\u00df Art. 6 Abs. 1 lit. f DSGVO betrieben wird, wird unser berechtigtes Interesse dargelegt.<\/p><p>2.9 Widerspruch gegen die Nutzung der ver\u00f6ffentlichten Kontaktdaten auf dieser Website<\/p><p>\u00a0<\/p><p>Wir weisen Sie darauf hin, dass wir einer Nutzung der, auf diesen Webseiten ver\u00f6ffentlichten, Kontaktdaten f\u00fcr kommerzielle Zwecke vorab widersprechen, sofern wir dem nicht ausdr\u00fccklich zugestimmt haben. Hierzu z\u00e4hlen insbesondere: die Speicherung in Datenverarbeitungssystemen zum Zwecke des Datenhandels sowie die Nutzung f\u00fcr allgemeine Werbezwecke (z.B.: unaufgeforderten Zusendung von Informationsmaterialien und Werbeprospekten per Post oder E-Mail). Der Betreiber dieser Website beh\u00e4lt sich ausdr\u00fccklich rechtliche Schritte im Falle der unverlangten Zusendung von Werbeinformationen, etwa durch Spam-E-Mails, vor.<\/p><p>\u00a0<\/p><p>3. Datenerfassung auf unserer Website<\/p><p>3.1 Cookies<\/p><p>\u00a0<\/p><p>Internetseiten verwenden teilweise so genannte Cookies. Cookies richten auf Ihrem Rechner keinen Schaden an und enthalten keine Viren. Cookies dienen dazu, unser Angebot nutzerfreundlicher, effektiver und sicherer zu machen. Cookies sind kleine Textdateien, die auf Ihrem Rechner abgelegt werden und die Ihr Browser speichert.<br \/>Generell erm\u00f6glichen Cookies, dass Ihr Browser beim n\u00e4chsten Besuch der Website wiedererkannt wird. Sogenannte Session-Cookies werden automatisch gel\u00f6scht, sobald Sie Ihren Browser schlie\u00dfen. Welche Cookies wir zu welchem Zweck nutzen, erfahren Sie im folgenden Text.<br \/>Sie k\u00f6nnen Ihren Browser so einstellen, dass Sie \u00fcber das Setzen von Cookies informiert werden und Cookies nur im Einzelfall erlauben, die Annahme von Cookies f\u00fcr bestimmte F\u00e4lle oder generell ausschlie\u00dfen, sowie das automatische L\u00f6schen der Cookies beim Schlie\u00dfen des Browsers aktivieren. Bei der Deaktivierung von Cookies kann die Funktionalit\u00e4t dieser Website eingeschr\u00e4nkt sein.<br \/>Cookies, die zur Durchf\u00fchrung des elektronischen Kommunikationsvorgangs oder zur Bereitstellung bestimmter, von Ihnen erw\u00fcnschter Funktionen (z.B. Warenkorbfunktion, angemeldet bleiben oder Merkfunktion bez. Einstellungen) erforderlich sind, werden auf Grundlage von Art. 6 Abs. 1 lit. f DSGVO gespeichert. Der Websitebetreiber hat ein berechtigtes Interesse an der Speicherung von Cookies zur technisch fehlerfreien und optimierten Bereitstellung seiner Dienste.<br \/>Folgende Cookies werden von unserer Website gespeichert:<br \/>Ein Sitzungscookie<br \/>Dieses Cookie wird erzeugt, wenn Sie diese Website besuchen. Es wird automatisch gel\u00f6scht, sobald Sie nach dem Besuch der Website Ihren Browser schlie\u00dfen.<br \/>In diesem Cookie ist die Sitzungs-ID Ihres Browsers auf unserem Webserver gespeichert. Dadurch k\u00f6nnen serverseitig in der Sitzung Daten abgelegt werden, die einen optimalen Betrieb der Website erm\u00f6glichen. Diese Daten sind z.B.<br \/>Technische Daten zu Ihrem Browser (z.B. Fehlersuchmodus, Verdacht auf Schadbot)<br \/>Daten von Sicherheitsgrafiken (z.B. von Kontaktformularen)<br \/>Zuletzt auf der Website ausgef\u00fchrte Befehle (zuf\u00e4llige IDs), um versehentlich doppelte Ausf\u00fchrung zu vermeiden<br \/>Daten zu der zuvor besuchten Seite auf dieser Website<br \/>Das Sitzungscookie beinhaltet grunds\u00e4tzlich keine personenbezogenen Daten.<br \/>Die Grundlage zur Speicherung und Verarbeitung dieses Cookies ist ein berechtigtes Interesse des Websitebetreibers gem. Art. 6 Abs. 1 lit. f DSGVO zur technisch fehlerfreien Bereitstellung seiner Dienste.<br \/>Ein permanentes Cookie<br \/>Dieses Cookie wird erzeugt, wenn Sie diese Website besuchen. Es verbleibt auf Ihrem Computer f\u00fcr 365 Tage und wird danach automatisch gel\u00f6scht. Nach der L\u00f6schung wird bei einem darauf folgenden Besuch dieser Website dieses Cookie wieder neu erstellt.<br \/>In diesem Cookie werden Ihre Besuchs-Pr\u00e4ferenzen und Website-Einstellungen gespeichert. Diese Einstellungen sind z.B.<br \/>der Status \u00fcber die Kenntnisnahme des allgemeinen Cookie-Hinweises (sofern vorhanden),<br \/>die ausgew\u00e4hlte Schriftgr\u00f6\u00dfe (Zoomstufe),<br \/>einzelne separat von Ihnen gew\u00e4hlte Datenschutzeinstellungen (Verhindern der Einbindung von z.B. GoogleMaps, Facebook-Plugins, Tracking-Plugins, YouTube-Videos, etc. in diese Website)<br \/>ihr Anmeldestatus, sofern diese Website \u00fcber einen internen oder gesch\u00fctzten Bereich verf\u00fcgt.<br \/>Sollte dieses Cookie gel\u00f6scht werden, werden damit auch Ihre gew\u00e4hlten Datenschutzeinstellungen gel\u00f6scht. Daher m\u00fcssen in diesem Fall die Einstellungen \u00fcber diesen Datenschutzhinweis erneut von Ihnen get\u00e4tigt werden.<br \/>Dieses permanente Cookie beinhaltet keine personenbezogenen Daten.<br \/>Die Grundlage zur Speicherung und Verarbeitung dieses Cookies ist ein berechtigtes Interesse des Websitebetreibers gem. Art. 6 Abs. 1 lit. c und lit. f DSGVO. Denn es dient der technisch fehlerfreien Bereitstellung der Informationen auf dieser Website. Weiterhin erm\u00f6glichen wir Ihnen dadurch Komfort-Funktionen und bieten dar\u00fcber hinaus die gesetzliche M\u00f6glichkeit, einzelne Drittanbieterplugins auf dieser Website zu deaktivieren.<br \/>Weitere Cookies<br \/>Soweit andere Cookies (z.B. Cookies zur Analyse Ihres Surfverhaltens) gespeichert werden, werden diese in dieser Datenschutzerkl\u00e4rung gesondert erw\u00e4hnt.<\/p><p>3.2 Protokollierung von Skriptabst\u00fcrzen und Angriffen auf dieser Website<\/p><p>\u00a0<\/p><p>Der Hoster dieser Website erhebt und speichert automatisch Informationen \u00fcber Skriptabst\u00fcrze und Angriffe auf diese Website in einer Datenbank. Diese Daten werden vom Ihrem Browser \u00fcbermittelt. Folgende Daten werden dabei gespeichert:<br \/>IP-Adresse<br \/>Useragent (Zeichenkette, die Aufschluss \u00fcber den anfragenden Browser und das Betriebssystem gibt)<br \/>interne Kategorisierung des Client (Roboter ja oder nein?)<br \/>Referrer URL<br \/>Request-Ziel inkl. gesendeter Parameter (im System als Passwort gekennzeichnete Felder werden unkenntlich gemacht)<br \/>Datum und Uhrzeit der Serveranfrage<br \/>Zugriffsmethode auf den Webserver<br \/>bei Skriptabst\u00fcrzen noch zus\u00e4tzlich die Skriptumgebung und die betroffene Stelle des Quellcodes<br \/>Diese Daten werden automatisch nach 7 Tagen gel\u00f6scht.<br \/>Eine Zusammenf\u00fchrung dieser Daten mit anderen Datenquellen wird nicht vorgenommen.<br \/>Die Grundlage zur Speicherung und Verarbeitung dieser Daten ist ein berechtigtes Interesse des Websitebetreibers und des Hosters gem. Art. 6 Abs. 1 lit. b und lit. f DSGVO. Denn der Hoster ist dem Websitebetreiber gegen\u00fcber vertraglich verpflichtet, die Website technisch bereitzustellen. Dazu wird der Hoster im Bedarfsfall dieses Protokoll auswerten, um die Stabilit\u00e4t und Sicherheit der Website weiterhin zu gew\u00e4hrleisten. Eventuelle rechtliche oder technische Ma\u00dfnahmen als Reaktion auf einen Angriff k\u00f6nnen an dieser Stelle nicht ausgeschlossen werden. Weiterhin behalten wir uns eine Meldung des Angriffes an Fr\u00fchwarnsysteme vor. Dar\u00fcber hinaus besteht ein berechtigtes Interesse des Websitebetreibers zur technisch fehlerfreien Bereitstellung seiner Inhalte und Dienste.<\/p><p>\u00a0<\/p><p>3.3 Server-Log-Dateien<\/p><p>\u00a0<\/p><p>Der Hoster dieser Website erhebt und speichert automatisch Informationen in so genannten Server-Log-Dateien, die Ihr Browser automatisch an uns \u00fcbermittelt. Dies sind:<br \/>Browsertyp und Browserversion<br \/>verwendetes Betriebssystem<br \/>Referrer URL<br \/>Hostname des zugreifenden Rechners<br \/>Uhrzeit der Serveranfrage<br \/>IP-Adresse<br \/>Eine Zusammenf\u00fchrung dieser Daten mit anderen Datenquellen wird nicht vorgenommen.<br \/>Zweck dieser Datenerhebung ist<br \/>zur automatisierten Erstellung von einfachen Nutzungsstatistiken der Website durch den Webserver (kein Tracking) und<br \/>zur Auswertung von Angriffen auf diese Website, um sich ein Gesamtbild von parallel laufenden techn. Anfragen zu verschaffen (Auswertung findet nur im Bedarfsfall statt).<br \/>Diese Log-Dateien werden f\u00fcr 30 Tage gespeichert und danach automatisch gel\u00f6scht.<br \/>Diese Log-Dateien werden f\u00fcr 30 Tage gespeichert und danach automatisch gel\u00f6scht.\nGrundlage f\u00fcr die Datenverarbeitung ist Art. 6 Abs. 1 lit. b DSGVO, der die Verarbeitung von Daten zur Erf\u00fcllung eines Vertrags oder vorvertraglicher Ma\u00dfnahmen gestattet. Dar\u00fcber hinaus besteht gem. Art. 6 Abs. 1 lit. f DSGVO ein berechtigtes Interesse des Websitebetreibers und des Hosters, Daten \u00fcber Angriffe auf diese Website zu sammeln und eventuelle Lastspitzen zu ermitteln um auch zuk\u00fcnftig die Sicherheit und Stabilit\u00e4t dieser Website zu gew\u00e4htleisten.<\/p><p>3.4 Erhebung von personenbezogenen Daten, Nutzung von (Kontakt-)Formularen<\/p><p>\u00a0<\/p><p>Wir beachten bei der Erhebung von personenbezogenen Daten den Grundsatz der Datenvermeidung und Datensparsamkeit, bei der Kontaktaufnahme, beispielsweise \u00fcber ein entsprechendes Formular, werden personenbezogene Daten nur im notwendigen Umfang erhoben und gespeichert.<br \/>Wenn Sie uns per Kontaktformular Anfragen zukommen lassen, werden Ihre Angaben aus dem Anfrageformular inklusive der von Ihnen dort angegebenen Kontaktdaten zwecks Bearbeitung der Anfrage und f\u00fcr den Fall von Anschlussfragen bei uns gespeichert. Diese Daten geben wir nicht ohne Ihre Einwilligung weiter.<br \/>Die Verarbeitung der in das Kontaktformular eingegebenen Daten erfolgt somit ausschlie\u00dflich auf Grundlage Ihrer Einwilligung (Art. 6 Abs. 1 lit. a DSGVO). Sie k\u00f6nnen diese Einwilligung jederzeit widerrufen. Dazu reicht eine formlose Mitteilung per E-Mail an info@jkpev.de. Die Rechtm\u00e4\u00dfigkeit der bis zum Widerruf erfolgten Datenverarbeitungsvorg\u00e4nge bleibt vom Widerruf unber\u00fchrt.<br \/>Die von Ihnen im Kontaktformular eingegebenen Daten verbleiben bei uns, bis Sie uns zur L\u00f6schung auffordern, Ihre Einwilligung zur Speicherung widerrufen oder der Zweck f\u00fcr die Datenspeicherung entf\u00e4llt (z.B. nach abgeschlossener Bearbeitung Ihrer Anfrage). Zwingende gesetzliche Bestimmungen \u2013 insbesondere Aufbewahrungsfristen \u2013 bleiben unber\u00fchrt.<\/p><p>3.5 Verarbeiten von Daten (Kunden- und Vertragsdaten)<\/p><p>\u00a0<\/p><p>Wir erheben, verarbeiten und nutzen personenbezogene Daten nur, soweit sie f\u00fcr die Begr\u00fcndung, inhaltliche Ausgestaltung oder \u00c4nderung des Rechtsverh\u00e4ltnisses erforderlich sind (Bestandsdaten). Dies erfolgt auf Grundlage von Art. 6 Abs. 1 lit. b DSGVO, der die Verarbeitung von Daten zur Erf\u00fcllung eines Vertrags oder vorvertraglicher Ma\u00dfnahmen gestattet. Personenbezogene Daten \u00fcber die Inanspruchnahme unserer Internetseiten (Nutzungsdaten) erheben, verarbeiten und nutzen wir nur, soweit dies erforderlich ist, um dem Nutzer die Inanspruchnahme des Dienstes zu erm\u00f6glichen oder abzurechnen.<br \/>Die erhobenen Kundendaten werden nach Abschluss des Auftrags oder Beendigung der Gesch\u00e4ftsbeziehung gel\u00f6scht. Gesetzliche Aufbewahrungsfristen bleiben unber\u00fchrt.<\/p><p>4. Abschlie\u00dfende Hinweise<\/p><p>\u00a0<\/p><p>Aktualit\u00e4t und \u00c4nderung dieser Datenschutzerkl\u00e4rung<br \/>Diese Datenschutzerkl\u00e4rung ist aktuell g\u00fcltig ab 30.05.2018.<br \/>Wir behalten uns vor, diese Datenschutzerkl\u00e4rung an neue Gegebenheiten und ver\u00e4nderte Rahmenbedingungen (gesetzlicher oder tats\u00e4chlicher Natur) anzupassen. Die jeweils aktuelle Datenschutzerkl\u00e4rung k\u00f6nnen Sie jederzeit auf der Website abrufen und ausdrucken.<\/p>\t\t\t\t\t\t<\/div>\n\t\t\t\t<\/div>\n\t\t\t\t\t<\/div>\n\t\t<\/div>\n\t\t\t\t\t<\/div>\n\t\t<\/section>\n\t\t\t\t<\/div>","protected":false},"excerpt":{"rendered":"<p>Privacy Policy This data protection declaration regulates the collection, processing and storage of data that accrues when using our websites. In handling the collected data, we observe the valid legal regulations of the Federal Republic of Germany and the European Data Protection Regulation (DSGVO) as well as the following obligations.The following table of contents will &hellip;<\/p>\n<p class=\"read-more\"> <a class=\"\" href=\"https:\/\/www.kultur-centrale.de\/de\/p\/\"> <span class=\"screen-reader-text\">Datenschutz<\/span> Weiterlesen &raquo;<\/a><\/p>","protected":false},"author":1,"featured_media":0,"parent":0,"menu_order":0,"comment_status":"closed","ping_status":"closed","template":"","meta":{"footnotes":""},"class_list":["post-1032","page","type-page","status-publish","hentry"],"_links":{"self":[{"href":"https:\/\/www.kultur-centrale.de\/de\/wp-json\/wp\/v2\/pages\/1032","targetHints":{"allow":["GET"]}}],"collection":[{"href":"https:\/\/www.kultur-centrale.de\/de\/wp-json\/wp\/v2\/pages"}],"about":[{"href":"https:\/\/www.kultur-centrale.de\/de\/wp-json\/wp\/v2\/types\/page"}],"author":[{"embeddable":true,"href":"https:\/\/www.kultur-centrale.de\/de\/wp-json\/wp\/v2\/users\/1"}],"replies":[{"embeddable":true,"href":"https:\/\/www.kultur-centrale.de\/de\/wp-json\/wp\/v2\/comments?post=1032"}],"version-history":[{"count":10,"href":"https:\/\/www.kultur-centrale.de\/de\/wp-json\/wp\/v2\/pages\/1032\/revisions"}],"predecessor-version":[{"id":5831,"href":"https:\/\/www.kultur-centrale.de\/de\/wp-json\/wp\/v2\/pages\/1032\/revisions\/5831"}],"wp:attachment":[{"href":"https:\/\/www.kultur-centrale.de\/de\/wp-json\/wp\/v2\/media?parent=1032"}],"curies":[{"name":"wp","href":"https:\/\/api.w.org\/{rel}","templated":true}]}}